{"id":145,"date":"2016-12-12T22:08:24","date_gmt":"2016-12-12T21:08:24","guid":{"rendered":"http:\/\/www.herbert-hutterer.de\/?page_id=145"},"modified":"2025-02-18T20:15:21","modified_gmt":"2025-02-18T19:15:21","slug":"termine","status":"publish","type":"page","link":"https:\/\/www.herbert-hutterer.de\/index.php\/termine\/","title":{"rendered":"Termine"},"content":{"rendered":"<p>Hier gibt es eine \u00dcbersicht \u00fcber \u00f6ffentliche Auftrittstermine.<br \/>\n(Stand: 18.2.25 &#8211; Liste erhebt keinen Anspruch auf Vollst\u00e4ndigkeit&#8230;)<\/p>\n<p><strong>2025:<\/strong><\/p>\n<ul>\n<li>01.02.2025: <a href=\"http:\/\/www.schlossensemble.de\/#konzerte-1\" target=\"_blank\" rel=\"noopener\">Schlossensemble<\/a> \/ Faschingskonzert in der &#8222;Alten Kirche&#8220; Pleinting \/ 19 Uhr<\/li>\n<li>13.02.2025: Gospelkonzert &#8222;Feel the Spirit&#8220; mit dem <a href=\"https:\/\/www.sanktmartin.org\/gospelchor\" target=\"_blank\" rel=\"noopener\">Gospelchor St. Martin<\/a> \/ Pfarrkirche St. Martin Deggendorf \/ 19 Uhr<\/li>\n<li>12.03.2025: <a href=\"https:\/\/comenius-deg.de\/benefiz-konzert-2025-des-lions-club\/\" target=\"_blank\" rel=\"noopener\">Benefiz-Konzert des LIONS-Club Deggendorf<\/a> mit den Bigbands und Bands der vier regionalen Gymnasien \/ Stadthalle DEG \/ 19 Uhr<\/li>\n<li>15.03.2025: <a href=\"http:\/\/www.schlossensemble.de\/#konzerte-1\" target=\"_blank\" rel=\"noopener\">Schlossensemble<\/a> \/ Konzert &#8222;Was eine Frau im Fr\u00fchling tr\u00e4umt&#8220; \/ Schloss Mariakirchen \/ 19:30 Uhr<\/li>\n<li>21.03.2025: <a href=\"https:\/\/okticket.de\/tickets-lieblingslieder-ein-konzert-zum-wohlfuehlen-landau-kastenhof-e51462\" target=\"_blank\" rel=\"noopener\">Konzert &#8222;Lieblingslieder&#8220;<\/a> \/ <a href=\"https:\/\/www.anjabackus.com\/\" target=\"_blank\" rel=\"noopener\">Anja Backus<\/a> &amp; <a href=\"https:\/\/www.kathrin-kattinger.de\/\" target=\"_blank\" rel=\"noopener\">Kathi Kattinger<\/a> \/ Glassaal des Kastenhof Landau \/ 19:30 Uhr<\/li>\n<li>05.04.2025: <a href=\"https:\/\/okticket.de\/tickets-lieblingslieder-ein-konzert-zum-wohlfuehlen-landau-kastenhof-2025-04-05-e51463?event_id=51463&amp;fbclid=PAZXh0bgNhZW0CMTEAAabuJT1LJVbgzbjZcxXHAI7-G3ANo_sEIFgXQmj9uotndxcWtj7IhejLmW8_aem_r90IKpQtZ3a_qHBILQvFTA&amp;cookiecheck=true\" target=\"_blank\" rel=\"noopener\">Konzert &#8222;Lieblingslieder&#8220;<\/a> \/ <a href=\"https:\/\/www.anjabackus.com\/\" target=\"_blank\" rel=\"noopener\">Anja Backus<\/a> &amp; <a href=\"https:\/\/www.kathrin-kattinger.de\/\" target=\"_blank\" rel=\"noopener\">Kathi Kattinger<\/a> \/ Glassaal des Kastenhof Landau \/ 19:30 Uhr<\/li>\n<li>27.04.2025 (Ostersonntag): festliche Musik zum Osterfeiertag \/ 10 Uhr \/ Pfarrkirche St. Martin Niederh\u00f6cking<br \/>\n\t\t<a\t\t\t\thref=\"javascript:void(0)\"\r\n\t\t\t\tclass=\"sgpb-show-popup sgpb-popup-id-435\"\r\n\t\tdata-sgpbpopupid=\"435\"\r\n\t\tdata-popup-event=\"click\"\r\n\t\t>\r\n\t\tProgramm\t\t<\/a>\r\n\t\t<\/li>\n<li>10.05.2025:\u00a0 <a href=\"http:\/\/www.schlossensemble.de\/#konzerte-1\" target=\"_blank\" rel=\"noopener\">Schlossensemble<\/a> \/ Muttertagskonzert \/ Kulturforum Oberalteich \/ 19:30 Uhr<\/li>\n<li>25.05.2025: <a href=\"http:\/\/www.schlossensemble.de\/#konzerte-1\" target=\"_blank\" rel=\"noopener\">Schlossensemble<\/a> \/ Konzert im Rahmen der &#8222;Grafenauer Fr\u00fchlings&#8220; \/ 19:00 Uhr<\/li>\n<li>29.06.2025: <a href=\"https:\/\/www.funkalarm-band.de\/\" target=\"_blank\" rel=\"noopener\">FunkAlarm<\/a> \/ Auftritt beim B\u00fcrgerfest Straubing (&#8222;gro\u00dfe B\u00fchne&#8220; am Ludwigsplatz) \/ 19 Uhr<\/li>\n<li>10.07.2025: Sommerkonzert des <a href=\"https:\/\/comenius-deg.de\" target=\"_blank\" rel=\"noopener\">Comenius-Gymnasium Deggendorf<\/a>\u00a0\/ Stadthalle Deggendorf \/ 19 Uhr<\/li>\n<li>20.07.2025: <a href=\"http:\/\/www.schlossensemble.de\/#konzerte-1\" target=\"_blank\" rel=\"noopener\">Schlossensemble<\/a> \/ Sommerkonzert \/ Freilichtb\u00fchne Wenzenbach \/ 18 Uhr<\/li>\n<li>25.10.2025: <a href=\"http:\/\/www.schlossensemble.de\/#konzerte-1\" target=\"_blank\" rel=\"noopener\">Schlossensemble<\/a> \/ Konzert im B\u00fcrgersaal W\u00f6rth an der Donau \/ 19:30 Uhr<\/li>\n<li>29.10.2025: <a href=\"http:\/\/www.schlossensemble.de\/#konzerte-1\" target=\"_blank\" rel=\"noopener\">Schlossensemble<\/a> \/ Konzert im Foyer des <a href=\"https:\/\/glasmuseum-frauenau.de\/\" target=\"_blank\" rel=\"noopener\">Glasmuseums Frauenau<\/a> \/ 19 Uhr<\/li>\n<li>30.11.2025: Adventssingen des Kirchenchor Niederh\u00f6cking \/ Pfarrkirche St. Martin Niederh\u00f6cking \/ 17 Uhr (Benefizkonzert)<\/li>\n<li>17.12.2025: Weihnachtskonzert des <a href=\"https:\/\/comenius-deg.de\" target=\"_blank\" rel=\"noopener\">Comenius-Gymnasium<\/a>\u00a0\/ 19 Uhr \/ Stadtpfarrkirche St. Martin Deggendorf<\/li>\n<\/ul>\n<p>&nbsp;<\/p>\n","protected":false},"excerpt":{"rendered":"<p>Hier gibt es eine \u00dcbersicht \u00fcber \u00f6ffentliche Auftrittstermine. (Stand: 18.2.25 &#8211; Liste erhebt keinen Anspruch auf Vollst\u00e4ndigkeit&#8230;) 2025: 01.02.2025: Schlossensemble \/ Faschingskonzert in der &#8222;Alten Kirche&#8220; Pleinting \/ 19 Uhr 13.02.2025: Gospelkonzert &#8222;Feel the Spirit&#8220; mit dem Gospelchor St. Martin \/ Pfarrkirche St. Martin Deggendorf \/ 19 Uhr 12.03.2025: Benefiz-Konzert des LIONS-Club Deggendorf mit den &hellip; <a href=\"https:\/\/www.herbert-hutterer.de\/index.php\/termine\/\" class=\"more-link\"><span class=\"screen-reader-text\">Termine<\/span> weiterlesen <span class=\"meta-nav\">&rarr;<\/span><\/a><\/p>\n","protected":false},"author":1,"featured_media":0,"parent":0,"menu_order":0,"comment_status":"closed","ping_status":"closed","template":"","meta":{"footnotes":""},"class_list":["post-145","page","type-page","status-publish","hentry"],"_links":{"self":[{"href":"https:\/\/www.herbert-hutterer.de\/index.php\/wp-json\/wp\/v2\/pages\/145","targetHints":{"allow":["GET"]}}],"collection":[{"href":"https:\/\/www.herbert-hutterer.de\/index.php\/wp-json\/wp\/v2\/pages"}],"about":[{"href":"https:\/\/www.herbert-hutterer.de\/index.php\/wp-json\/wp\/v2\/types\/page"}],"author":[{"embeddable":true,"href":"https:\/\/www.herbert-hutterer.de\/index.php\/wp-json\/wp\/v2\/users\/1"}],"replies":[{"embeddable":true,"href":"https:\/\/www.herbert-hutterer.de\/index.php\/wp-json\/wp\/v2\/comments?post=145"}],"version-history":[{"count":81,"href":"https:\/\/www.herbert-hutterer.de\/index.php\/wp-json\/wp\/v2\/pages\/145\/revisions"}],"predecessor-version":[{"id":441,"href":"https:\/\/www.herbert-hutterer.de\/index.php\/wp-json\/wp\/v2\/pages\/145\/revisions\/441"}],"wp:attachment":[{"href":"https:\/\/www.herbert-hutterer.de\/index.php\/wp-json\/wp\/v2\/media?parent=145"}],"curies":[{"name":"wp","href":"https:\/\/api.w.org\/{rel}","templated":true}]}}